{"id":670,"date":"2020-03-29T12:32:48","date_gmt":"2020-03-29T12:32:48","guid":{"rendered":"http:\/\/el.commonsupport.com\/newwp\/naxly\/?page_id=670"},"modified":"2022-02-04T13:55:58","modified_gmt":"2022-02-04T13:55:58","slug":"faqs","status":"publish","type":"page","link":"https:\/\/akyalab.com\/fr\/faqs\/","title":{"rendered":"FAQ"},"content":{"rendered":"<div data-elementor-type=\"wp-page\" data-elementor-id=\"670\" class=\"elementor elementor-670\" data-elementor-settings=\"[]\">\n\t\t\t\t\t\t\t<div class=\"elementor-section-wrap\">\n\t\t\t\t\t\t\t<section class=\"elementor-section elementor-top-section elementor-element elementor-element-15084cb elementor-section-full_width elementor-section-height-min-height elementor-section-height-default elementor-section-items-middle\" data-id=\"15084cb\" data-element_type=\"section\">\n\t\t\t\t\t\t\t<div class=\"elementor-background-overlay\"><\/div>\n\t\t\t\t\t\t\t<div class=\"elementor-container elementor-column-gap-default\">\n\t\t\t\t\t<div class=\"elementor-column elementor-col-100 elementor-top-column elementor-element elementor-element-a67289a\" data-id=\"a67289a\" data-element_type=\"column\">\n\t\t\t<div class=\"elementor-widget-wrap\">\n\t\t\t\t\t\t\t\t\t<\/div>\n\t\t<\/div>\n\t\t\t\t\t\t\t<\/div>\n\t\t<\/section>\n\t\t\t\t<section class=\"elementor-section elementor-top-section elementor-element elementor-element-05374c9 elementor-section-full_width elementor-section-height-default elementor-section-height-default\" data-id=\"05374c9\" data-element_type=\"section\">\n\t\t\t\t\t\t<div class=\"elementor-container elementor-column-gap-default\">\n\t\t\t\t\t<div class=\"elementor-column elementor-col-100 elementor-top-column elementor-element elementor-element-056ecb6\" data-id=\"056ecb6\" data-element_type=\"column\">\n\t\t\t<div class=\"elementor-widget-wrap elementor-element-populated\">\n\t\t\t\t\t\t\t\t<div class=\"elementor-element elementor-element-03dafa0 elementor-widget elementor-widget-naxly_our_faqs\" data-id=\"03dafa0\" data-element_type=\"widget\" data-widget_type=\"naxly_our_faqs.default\">\n\t\t\t\t<div class=\"elementor-widget-container\">\n\t\t\t\t\t\t\n        <!-- faq-page-section -->\n        <section class=\"faq-page-section\">\n            <div class=\"auto-container\">\n                <div class=\"content-box-one\">\n                    <div class=\"row clearfix\">\n                        <div class=\"col-lg-4 col-md-6 col-sm-12 left-column\">\n                            <div class=\"inner-box\">\n                                <div class=\"icon-box\"><i class=\"icon flaticon-analytics\"><\/i><\/div>\n                                <span>Questions fr\u00e9quentes dans<\/span>\n                                <h3>Science des donn\u00e9es<\/h3>\n                            <\/div>\n                        <\/div>\n                        <div class=\"col-lg-8 col-md-6 col-sm-12 right-column\">\n                            <div class=\"accordion-block\">\n                                <ul class=\"accordion-box\">\n                                                                        <li class=\"accordion block active-block\">\n                                        <div class=\"acc-btn active\">\n                                            <div class=\"icon-outer\"><i class=\"fas fa-plus\"><\/i><\/div>\n                                            <h5>Pourquoi se concentrer sur la science des donn\u00e9es ?<\/h5>\n                                        <\/div>\n                                        <div class=\"acc-content current\">\n                                            <p>La science des donn\u00e9es est un domaine interdisciplinaire qui utilise des m\u00e9thodes, des processus, des algorithmes et des syst\u00e8mes scientifiques pour extraire des connaissances et des informations \u00e0 partir de donn\u00e9es bruyantes, structur\u00e9es et non structur\u00e9es, et appliquer des connaissances et des informations exploitables \u00e0 partir de donn\u00e9es dans un large \u00e9ventail de domaines d'application. Donn\u00e9es ...<\/p>\n                                        <\/div>\n                                    <\/li>\n                                                                        <li class=\"accordion block\">\n                                        <div class=\"acc-btn\">\n                                            <div class=\"icon-outer\"><i class=\"fas fa-plus\"><\/i><\/div>\n                                            <h5>Quelle est la diff\u00e9rence entre un Data Scientist et un Data Analyst ?<\/h5>\n                                        <\/div>\n                                        <div class=\"acc-content\">\n                                            <p>Un scientifique des donn\u00e9es est quelqu'un qui peut pr\u00e9dire l'avenir sur la base de mod\u00e8les pass\u00e9s, tandis qu'un analyste de donn\u00e9es est quelqu'un qui se contente de conserver des informations significatives \u00e0 partir de donn\u00e9es.<\/p>\n                                        <\/div>\n                                    <\/li>\n                                                                    <\/ul>\n                            <\/div>\n                        <\/div>\n                    <\/div>\n                <\/div>\n        \t<\/div>\n        <\/section>\n        \n        \t\t<\/div>\n\t\t\t\t<\/div>\n\t\t\t\t\t<\/div>\n\t\t<\/div>\n\t\t\t\t\t\t\t<\/div>\n\t\t<\/section>\n\t\t\t\t\t\t<\/div>\n\t\t\t\t\t<\/div>","protected":false},"excerpt":{"rendered":"<p>Frequent Questions in Data Science Can i have multiple activities in single feature? These cases are perfectly simple and easy to distinguish. In a free hour, when our power choice is untrammelled and when nothing prevents our being able do what we like best, every pleasure is to be welcomed and every pain avoided. Why [&hellip;]<\/p>","protected":false},"author":1,"featured_media":0,"parent":0,"menu_order":0,"comment_status":"closed","ping_status":"closed","template":"tpl-default-elementor.php","meta":{"_monsterinsights_skip_tracking":false,"_monsterinsights_sitenote_active":false,"_monsterinsights_sitenote_note":"","_monsterinsights_sitenote_category":0},"_links":{"self":[{"href":"https:\/\/akyalab.com\/fr\/wp-json\/wp\/v2\/pages\/670"}],"collection":[{"href":"https:\/\/akyalab.com\/fr\/wp-json\/wp\/v2\/pages"}],"about":[{"href":"https:\/\/akyalab.com\/fr\/wp-json\/wp\/v2\/types\/page"}],"author":[{"embeddable":true,"href":"https:\/\/akyalab.com\/fr\/wp-json\/wp\/v2\/users\/1"}],"replies":[{"embeddable":true,"href":"https:\/\/akyalab.com\/fr\/wp-json\/wp\/v2\/comments?post=670"}],"version-history":[{"count":0,"href":"https:\/\/akyalab.com\/fr\/wp-json\/wp\/v2\/pages\/670\/revisions"}],"wp:attachment":[{"href":"https:\/\/akyalab.com\/fr\/wp-json\/wp\/v2\/media?parent=670"}],"curies":[{"name":"wp","href":"https:\/\/api.w.org\/{rel}","templated":true}]}}