{"id":1845,"date":"2021-12-24T22:14:44","date_gmt":"2021-12-24T22:14:44","guid":{"rendered":"https:\/\/akyalab.com\/?page_id=1845"},"modified":"2022-01-25T21:17:09","modified_gmt":"2022-01-25T21:17:09","slug":"services","status":"publish","type":"page","link":"https:\/\/akyalab.com\/fr\/services\/","title":{"rendered":"Nos services"},"content":{"rendered":"<div data-elementor-type=\"wp-page\" data-elementor-id=\"1845\" class=\"elementor elementor-1845\" data-elementor-settings=\"[]\">\n\t\t\t\t\t\t\t<div class=\"elementor-section-wrap\">\n\t\t\t\t\t\t\t<section class=\"elementor-section elementor-top-section elementor-element elementor-element-203b83a elementor-section-full_width elementor-section-height-min-height elementor-section-height-default elementor-section-items-middle\" data-id=\"203b83a\" data-element_type=\"section\">\n\t\t\t\t\t\t\t<div class=\"elementor-background-overlay\"><\/div>\n\t\t\t\t\t\t\t<div class=\"elementor-container elementor-column-gap-default\">\n\t\t\t\t\t<div class=\"elementor-column elementor-col-100 elementor-top-column elementor-element elementor-element-b53a9b7\" data-id=\"b53a9b7\" data-element_type=\"column\">\n\t\t\t<div class=\"elementor-widget-wrap\">\n\t\t\t\t\t\t\t\t\t<\/div>\n\t\t<\/div>\n\t\t\t\t\t\t\t<\/div>\n\t\t<\/section>\n\t\t\t\t<section class=\"elementor-section elementor-top-section elementor-element elementor-element-fe2772f elementor-section-full_width elementor-section-height-default elementor-section-height-default\" data-id=\"fe2772f\" data-element_type=\"section\">\n\t\t\t\t\t\t<div class=\"elementor-container elementor-column-gap-no\">\n\t\t\t\t\t<div class=\"elementor-column elementor-col-100 elementor-top-column elementor-element elementor-element-fb715ee\" data-id=\"fb715ee\" data-element_type=\"column\">\n\t\t\t<div class=\"elementor-widget-wrap elementor-element-populated\">\n\t\t\t\t\t\t\t\t<div class=\"elementor-element elementor-element-853f1ad elementor-widget elementor-widget-naxly_our_technology\" data-id=\"853f1ad\" data-element_type=\"widget\" data-widget_type=\"naxly_our_technology.default\">\n\t\t\t\t<div class=\"elementor-widget-container\">\n\t\t\t\t\t\t\r\n        <!-- technology-section -->\r\n        <section class=\"technology-section\">\r\n            <div class=\"auto-container\">\r\n                                <div class=\"inner-content\">\r\n                    <div class=\"row clearfix\">\r\n                                                <div class=\"col-lg-3 col-md-12 col-sm-12 technology-block\">\r\n                            <div class=\"technology-block-one\">\r\n                                <div class=\"inner-box\">\r\n                                    <div class=\"pattern-layer rotate-me\" style=\"background-image: url(https:\/\/akyalab.com\/wp-content\/themes\/naxly\/assets\/images\/shape\/shape-19.png);\"><\/div>\r\n                                    <div class=\"icon-box\"><i class=\"icon flaticon-data\"><\/i><\/div>\r\n                                    <h4><a href=\"\">Science des donn\u00e9es<\/a><\/h4>\r\n                                    <p>Utiliser les donn\u00e9es de mani\u00e8re cr\u00e9ative pour g\u00e9n\u00e9rer de la valeur commerciale<\/p>\r\n                                <\/div>\r\n                            <\/div>\r\n                        <\/div>\r\n                                                <div class=\"col-lg-3 col-md-12 col-sm-12 technology-block\">\r\n                            <div class=\"technology-block-one\">\r\n                                <div class=\"inner-box\">\r\n                                    <div class=\"pattern-layer rotate-me\" style=\"background-image: url(https:\/\/akyalab.com\/wp-content\/themes\/naxly\/assets\/images\/shape\/shape-19.png);\"><\/div>\r\n                                    <div class=\"icon-box\"><i class=\"icon flaticon-analysis\"><\/i><\/div>\r\n                                    <h4><a href=\"\">Apprentissage Automatique<\/a><\/h4>\r\n                                    <p>pr\u00e9dire un r\u00e9sultat gr\u00e2ce \u00e0 des analyses statistiques<\/p>\r\n                                <\/div>\r\n                            <\/div>\r\n                        <\/div>\r\n                                                <div class=\"col-lg-3 col-md-12 col-sm-12 technology-block\">\r\n                            <div class=\"technology-block-one\">\r\n                                <div class=\"inner-box\">\r\n                                    <div class=\"pattern-layer rotate-me\" style=\"background-image: url(https:\/\/akyalab.com\/wp-content\/themes\/naxly\/assets\/images\/shape\/shape-19.png);\"><\/div>\r\n                                    <div class=\"icon-box\"><i class=\"icon flaticon-brain\"><\/i><\/div>\r\n                                    <h4><a href=\"\">Intelligence Artificiel<\/a><\/h4>\r\n                                    <p>Traiter de gros volumes de donn\u00e9es et faciliter la gestion de probl\u00e8mes complexes<\/p>\r\n                                <\/div>\r\n                            <\/div>\r\n                        <\/div>\r\n                                                <div class=\"col-lg-3 col-md-12 col-sm-12 technology-block\">\r\n                            <div class=\"technology-block-one\">\r\n                                <div class=\"inner-box\">\r\n                                    <div class=\"pattern-layer rotate-me\" style=\"background-image: url(https:\/\/akyalab.com\/wp-content\/themes\/naxly\/assets\/images\/shape\/shape-19.png);\"><\/div>\r\n                                    <div class=\"icon-box\"><i class=\"icon flaticon-big-data\"><\/i><\/div>\r\n                                    <h4><a href=\"\">Ing\u00e9nierie des donn\u00e9es<\/a><\/h4>\r\n                                    <p>concevoir des entrep\u00f4ts de donn\u00e9es pour faciliter le  traitement de volumes de donn\u00e9es importants.<\/p>\r\n                                <\/div>\r\n                            <\/div>\r\n                        <\/div>\r\n                                            <\/div>\r\n                <\/div>\r\n            <\/div>\r\n        <\/section>\r\n        <!-- technology-section end -->\r\n        \r\n        \t\t<\/div>\n\t\t\t\t<\/div>\n\t\t\t\t\t<\/div>\n\t\t<\/div>\n\t\t\t\t\t\t\t<\/div>\n\t\t<\/section>\n\t\t\t\t<section class=\"elementor-section elementor-top-section elementor-element elementor-element-e344fff elementor-section-full_width elementor-section-height-default elementor-section-height-default\" data-id=\"e344fff\" data-element_type=\"section\">\n\t\t\t\t\t\t<div class=\"elementor-container elementor-column-gap-no\">\n\t\t\t\t\t<div class=\"elementor-column elementor-col-100 elementor-top-column elementor-element elementor-element-448812c\" data-id=\"448812c\" data-element_type=\"column\">\n\t\t\t<div class=\"elementor-widget-wrap elementor-element-populated\">\n\t\t\t\t\t\t\t\t<div class=\"elementor-element elementor-element-62e0452 elementor-widget elementor-widget-naxly_work_process_v4\" data-id=\"62e0452\" data-element_type=\"widget\" data-widget_type=\"naxly_work_process_v4.default\">\n\t\t\t\t<div class=\"elementor-widget-container\">\n\t\t\t        \r\n        <!-- process-style-two -->\r\n        <section class=\"process-style-two alternate-2\">\r\n            <div class=\"pattern-layer\" style=\"background-image: url(https:\/\/akyalab.com\/wp-content\/uploads\/2020\/03\/shape-49.png);\"><\/div>\r\n            <div class=\"auto-container\">\r\n                <div class=\"sec-title text-center style-two\">\r\n                    <p>Notre Processus de Travail<\/p>\r\n                    <h2>Processus de travail simple et propre<\/h2>\r\n                    <div class=\"decor\" style=\"background-image: url(https:\/\/akyalab.com\/wp-content\/themes\/naxly\/assets\/images\/icons\/decor-1.png);\"><\/div>\r\n                <\/div>\r\n                <div class=\"inner-content\">\r\n                    <div class=\"line\" style=\"background-image: url(https:\/\/akyalab.com\/wp-content\/themes\/naxly\/assets\/images\/icons\/line-3.png);\"><\/div>\r\n                    <div class=\"row clearfix\">\r\n                                                <div class=\"col-lg-4 col-md-6 col-sm-12 work-block\">\r\n                            <div class=\"work-block-two\">\r\n                                <div class=\"inner-box\">\r\n                                    <div class=\"arrow-box\" style=\"background-image: url(https:\/\/akyalab.com\/wp-content\/themes\/naxly\/assets\/images\/icons\/arrow-1.png);\"><\/div>\r\n                                    <div class=\"icon-box\">\r\n                                        <div class=\"border-line\" style=\"background-image: url(https:\/\/akyalab.com\/wp-content\/themes\/naxly\/assets\/images\/icons\/border-3.png);\"><\/div>\r\n                                        <i class=\"icon flaticon-algorithm\"><\/i>\r\n                                    <\/div>\r\n                                    <div class=\"count-box wow zoomIn animated\" data-wow-delay=\"00ms\" data-wow-duration=\"1500ms\"><span>01<\/span><\/div>\r\n                                    <div class=\"content-box wow slideInUp\" data-wow-delay=\"00ms\" data-wow-duration=\"1500ms\">\r\n                                        <h4><a href=\"http:\/\/el.commonsupport.com\/newwp\/naxly\/service-details\/\">Cadrer le probl\u00e8me<\/a><\/h4>\r\n                                        <p>Fixer un objectif de recherche<\/p>\r\n                                    <\/div>\r\n                                <\/div>\r\n                            <\/div>\r\n                        <\/div>\r\n                                                <div class=\"col-lg-4 col-md-6 col-sm-12 work-block\">\r\n                            <div class=\"work-block-two\">\r\n                                <div class=\"inner-box\">\r\n                                    <div class=\"arrow-box\" style=\"background-image: url(https:\/\/akyalab.com\/wp-content\/themes\/naxly\/assets\/images\/icons\/arrow-1.png);\"><\/div>\r\n                                    <div class=\"icon-box\">\r\n                                        <div class=\"border-line\" style=\"background-image: url(https:\/\/akyalab.com\/wp-content\/themes\/naxly\/assets\/images\/icons\/border-3.png);\"><\/div>\r\n                                        <i class=\"fa fa-database\"><\/i>\r\n                                    <\/div>\r\n                                    <div class=\"count-box wow zoomIn animated\" data-wow-delay=\"00ms\" data-wow-duration=\"1500ms\"><span>02<\/span><\/div>\r\n                                    <div class=\"content-box wow slideInUp\" data-wow-delay=\"00ms\" data-wow-duration=\"1500ms\">\r\n                                        <h4><a href=\"http:\/\/el.commonsupport.com\/newwp\/naxly\/service-details\/\">Collection des Donn\u00e9es<\/a><\/h4>\r\n                                        <p>Trouver des donn\u00e9es appropri\u00e9es et acc\u00e9der aux donn\u00e9es \u00e0 partir des sources de donn\u00e9es<\/p>\r\n                                    <\/div>\r\n                                <\/div>\r\n                            <\/div>\r\n                        <\/div>\r\n                                                <div class=\"col-lg-4 col-md-6 col-sm-12 work-block\">\r\n                            <div class=\"work-block-two\">\r\n                                <div class=\"inner-box\">\r\n                                    <div class=\"arrow-box\" style=\"background-image: url(https:\/\/akyalab.com\/wp-content\/themes\/naxly\/assets\/images\/icons\/arrow-1.png);\"><\/div>\r\n                                    <div class=\"icon-box\">\r\n                                        <div class=\"border-line\" style=\"background-image: url(https:\/\/akyalab.com\/wp-content\/themes\/naxly\/assets\/images\/icons\/border-3.png);\"><\/div>\r\n                                        <i class=\"fa fa-recycle\"><\/i>\r\n                                    <\/div>\r\n                                    <div class=\"count-box wow zoomIn animated\" data-wow-delay=\"00ms\" data-wow-duration=\"1500ms\"><span>03<\/span><\/div>\r\n                                    <div class=\"content-box wow slideInUp\" data-wow-delay=\"00ms\" data-wow-duration=\"1500ms\">\r\n                                        <h4><a href=\"\">Pr\u00e9traitement des donn\u00e9es<\/a><\/h4>\r\n                                        <p>Transformer les donn\u00e9es pour qu'elles soient utilisables<\/p>\r\n                                    <\/div>\r\n                                <\/div>\r\n                            <\/div>\r\n                        <\/div>\r\n                                                <div class=\"col-lg-4 col-md-6 col-sm-12 work-block\">\r\n                            <div class=\"work-block-two\">\r\n                                <div class=\"inner-box\">\r\n                                    <div class=\"arrow-box\" style=\"background-image: url(https:\/\/akyalab.com\/wp-content\/themes\/naxly\/assets\/images\/icons\/arrow-1.png);\"><\/div>\r\n                                    <div class=\"icon-box\">\r\n                                        <div class=\"border-line\" style=\"background-image: url(https:\/\/akyalab.com\/wp-content\/themes\/naxly\/assets\/images\/icons\/border-3.png);\"><\/div>\r\n                                        <i class=\"icon flaticon-google-analytics\"><\/i>\r\n                                    <\/div>\r\n                                    <div class=\"count-box wow zoomIn animated\" data-wow-delay=\"00ms\" data-wow-duration=\"1500ms\"><span>04<\/span><\/div>\r\n                                    <div class=\"content-box wow slideInUp\" data-wow-delay=\"00ms\" data-wow-duration=\"1500ms\">\r\n                                        <h4><a href=\"\">Analyse des donn\u00e9es<\/a><\/h4>\r\n                                        <p>Mod\u00e9liser les donn\u00e9es pour d\u00e9couvrir des informations utiles \u00e0 la prise de d\u00e9cision commerciale<\/p>\r\n                                    <\/div>\r\n                                <\/div>\r\n                            <\/div>\r\n                        <\/div>\r\n                                                <div class=\"col-lg-4 col-md-6 col-sm-12 work-block\">\r\n                            <div class=\"work-block-two\">\r\n                                <div class=\"inner-box\">\r\n                                    <div class=\"arrow-box\" style=\"background-image: url(https:\/\/akyalab.com\/wp-content\/themes\/naxly\/assets\/images\/icons\/arrow-1.png);\"><\/div>\r\n                                    <div class=\"icon-box\">\r\n                                        <div class=\"border-line\" style=\"background-image: url(https:\/\/akyalab.com\/wp-content\/themes\/naxly\/assets\/images\/icons\/border-3.png);\"><\/div>\r\n                                        <i class=\"fa fa-box-open\"><\/i>\r\n                                    <\/div>\r\n                                    <div class=\"count-box wow zoomIn animated\" data-wow-delay=\"00ms\" data-wow-duration=\"1500ms\"><span>05<\/span><\/div>\r\n                                    <div class=\"content-box wow slideInUp\" data-wow-delay=\"00ms\" data-wow-duration=\"1500ms\">\r\n                                        <h4><a href=\"\">Choose a model<\/a><\/h4>\r\n                                        <p>Choisir un mod\u00e8le en fonction du probl\u00e8me<\/p>\r\n                                    <\/div>\r\n                                <\/div>\r\n                            <\/div>\r\n                        <\/div>\r\n                                                <div class=\"col-lg-4 col-md-6 col-sm-12 work-block\">\r\n                            <div class=\"work-block-two\">\r\n                                <div class=\"inner-box\">\r\n                                    <div class=\"arrow-box\" style=\"background-image: url(https:\/\/akyalab.com\/wp-content\/themes\/naxly\/assets\/images\/icons\/arrow-1.png);\"><\/div>\r\n                                    <div class=\"icon-box\">\r\n                                        <div class=\"border-line\" style=\"background-image: url(https:\/\/akyalab.com\/wp-content\/themes\/naxly\/assets\/images\/icons\/border-3.png);\"><\/div>\r\n                                        <i class=\"icon flaticon-model\"><\/i>\r\n                                    <\/div>\r\n                                    <div class=\"count-box wow zoomIn animated\" data-wow-delay=\"00ms\" data-wow-duration=\"1500ms\"><span>06<\/span><\/div>\r\n                                    <div class=\"content-box wow slideInUp\" data-wow-delay=\"00ms\" data-wow-duration=\"1500ms\">\r\n                                        <h4><a href=\"\">Mod\u00e8le de formation<\/a><\/h4>\r\n                                        <p>Pour alimenter le mod\u00e8le Machine Learning avec les fonctionnalit\u00e9s s\u00e9lectionn\u00e9es.<\/p>\r\n                                    <\/div>\r\n                                <\/div>\r\n                            <\/div>\r\n                        <\/div>\r\n                                                <div class=\"col-lg-4 col-md-6 col-sm-12 work-block\">\r\n                            <div class=\"work-block-two\">\r\n                                <div class=\"inner-box\">\r\n                                    <div class=\"arrow-box\" style=\"background-image: url(https:\/\/akyalab.com\/wp-content\/themes\/naxly\/assets\/images\/icons\/arrow-1.png);\"><\/div>\r\n                                    <div class=\"icon-box\">\r\n                                        <div class=\"border-line\" style=\"background-image: url(https:\/\/akyalab.com\/wp-content\/themes\/naxly\/assets\/images\/icons\/border-3.png);\"><\/div>\r\n                                        <i class=\"icon flaticon-cloud-storage\"><\/i>\r\n                                    <\/div>\r\n                                    <div class=\"count-box wow zoomIn animated\" data-wow-delay=\"00ms\" data-wow-duration=\"1500ms\"><span>07<\/span><\/div>\r\n                                    <div class=\"content-box wow slideInUp\" data-wow-delay=\"00ms\" data-wow-duration=\"1500ms\">\r\n                                        <h4><a href=\"\">D\u00e9ploiement du Mod\u00e8le choisi<\/a><\/h4>\r\n                                        <p>D\u00e9ployer le mod\u00e8le chez un cloud provider ou l'exposer sous forme d'une API<\/p>\r\n                                    <\/div>\r\n                                <\/div>\r\n                            <\/div>\r\n                        <\/div>\r\n                                            <\/div>\r\n                <\/div>\r\n            <\/div>\r\n        <\/section>\r\n        <!-- process-style-two end -->\t\r\n        \r\n\t\t\t\t<\/div>\n\t\t\t\t<\/div>\n\t\t\t\t\t<\/div>\n\t\t<\/div>\n\t\t\t\t\t\t\t<\/div>\n\t\t<\/section>\n\t\t\t\t<section class=\"elementor-section elementor-top-section elementor-element elementor-element-d6da7c9 elementor-section-full_width elementor-section-height-default elementor-section-height-default\" data-id=\"d6da7c9\" data-element_type=\"section\">\n\t\t\t\t\t\t<div class=\"elementor-container elementor-column-gap-no\">\n\t\t\t\t\t<div class=\"elementor-column elementor-col-100 elementor-top-column elementor-element elementor-element-dfc419a\" data-id=\"dfc419a\" data-element_type=\"column\">\n\t\t\t<div class=\"elementor-widget-wrap elementor-element-populated\">\n\t\t\t\t\t\t\t\t<div class=\"elementor-element elementor-element-3c28a22 elementor-widget elementor-widget-naxly_tk_send_message\" data-id=\"3c28a22\" data-element_type=\"widget\" data-widget_type=\"naxly_tk_send_message.default\">\n\t\t\t\t<div class=\"elementor-widget-container\">\n\t\t\t       \t\n        <!-- download-app-section -->\n        <section class=\"contact-app-section\">\n            <div class=\"auto-container\">\n                                <div class=\"row\">\n                    <div class=\"col-lg-12\">\n                        <div class=\"sec-title text-center\">\n                            <p>Nous \u00c9crire<\/p>                                                        <h2>Nous vous sommes attentifs<\/h2>\n                            <div class=\"decor\" style=\"background-image: url(https:\/\/akyalab.com\/wp-content\/themes\/naxly\/assets\/images\/icons\/decor-1.png);\"><\/div>\n\t\t\t\t\t\t\t    \t\t\t\t\t<\/div>\n                    <\/div>\n                <\/div>\n                                <div id=\"content_block_09\">\n                    <div class=\"content-box\">\n                       <div role=\"form\" class=\"wpcf7\" id=\"wpcf7-f1382-o1\" lang=\"en-US\" dir=\"ltr\">\n<div class=\"screen-reader-response\"><p role=\"status\" aria-live=\"polite\" aria-atomic=\"true\"><\/p> <ul><\/ul><\/div>\n<form action=\"\/fr\/wp-json\/wp\/v2\/pages\/1845#wpcf7-f1382-o1\" method=\"post\" class=\"wpcf7-form init\" novalidate=\"novalidate\" data-status=\"init\" data-trp-original-action=\"\/fr\/wp-json\/wp\/v2\/pages\/1845#wpcf7-f1382-o1\">\n<div style=\"display: none;\">\n<input type=\"hidden\" name=\"_wpcf7\" value=\"1382\" \/>\n<input type=\"hidden\" name=\"_wpcf7_version\" value=\"5.5.3\" \/>\n<input type=\"hidden\" name=\"_wpcf7_locale\" value=\"en_US\" \/>\n<input type=\"hidden\" name=\"_wpcf7_unit_tag\" value=\"wpcf7-f1382-o1\" \/>\n<input type=\"hidden\" name=\"_wpcf7_container_post\" value=\"0\" \/>\n<input type=\"hidden\" name=\"_wpcf7_posted_data_hash\" value=\"\" \/>\n<\/div>\n<div id=\"contact-form\" class=\"default-form\">\n<div class=\"row clearfix\">\n<div class=\"col-lg-6 col-md-6 col-sm-12 column\">\n<div class=\"form-group\">\n<label><i class=\"far fa-user\"><\/i>Votre Nom<\/label><span class=\"wpcf7-form-control-wrap text-342\"><input type=\"text\" name=\"text-342\" value=\"\" size=\"40\" class=\"wpcf7-form-control wpcf7-text wpcf7-validates-as-required\" aria-required=\"true\" aria-invalid=\"false\" placeholder=\"Entrez votre nom\" \/><\/span>\n<\/div>\n<div class=\"form-group\">\n<label><i class=\"far fa-envelope\"><\/i>Adresse Mail<\/label><span class=\"wpcf7-form-control-wrap email-965\"><input type=\"email\" name=\"email-965\" value=\"\" size=\"40\" class=\"wpcf7-form-control wpcf7-text wpcf7-email wpcf7-validates-as-required wpcf7-validates-as-email\" aria-required=\"true\" aria-invalid=\"false\" placeholder=\"Adresse Mail\" \/><\/span>\n<\/div>\n<div class=\"form-group\">\n<label><i class=\"far fa-user\"><\/i>Sujet<\/label><span class=\"wpcf7-form-control-wrap text-343\"><input type=\"text\" name=\"text-343\" value=\"\" size=\"40\" class=\"wpcf7-form-control wpcf7-text\" aria-invalid=\"false\" placeholder=\"Sujet\" \/><\/span>\n<\/div>\n<\/div>\n<div class=\"col-lg-6 col-md-6 col-sm-12 column\">\n<div class=\"form-group\">\n<label><i class=\"fas fa-text-height\"><\/i>Message<\/label><span class=\"wpcf7-form-control-wrap textarea-376\"><textarea name=\"textarea-376\" cols=\"40\" rows=\"10\" class=\"wpcf7-form-control wpcf7-textarea\" aria-invalid=\"false\" placeholder=\"Votre Message ici\"><\/textarea><\/span>\n<\/div>\n<div class=\"form-group\">\n<button class=\"theme-btn style-twelve\" type=\"submit\" name=\"submit-form\">Envoyer votre Message<\/button>\n<\/div>\n<\/div>\n<\/div>\n<\/div>\n<div class=\"wpcf7-response-output\" aria-hidden=\"true\"><\/div><input type=\"hidden\" name=\"trp-form-language\" value=\"fr\"\/><\/form><\/div> \n                    <\/div>\n                <\/div>\n            <\/div>\n        <\/section>\n        <!--Customized Solutions-->\n         \n\t\t\t\t<\/div>\n\t\t\t\t<\/div>\n\t\t\t\t\t<\/div>\n\t\t<\/div>\n\t\t\t\t\t\t\t<\/div>\n\t\t<\/section>\n\t\t\t\t\t\t<\/div>\n\t\t\t\t\t<\/div>","protected":false},"excerpt":{"rendered":"<p>Data Science Use data creatively to generate business value Machine Learning Predict an outcome through statistical analysis Artificial Intelligence To process larges volumes of data and facilitate the management of complex issu Data Engineering Design data warehouses to facilitate the processing of large volumes data Our Work Process Simple &amp; clean work process 01 Frame [&hellip;]<\/p>","protected":false},"author":3,"featured_media":0,"parent":0,"menu_order":0,"comment_status":"closed","ping_status":"closed","template":"tpl-default-elementor.php","meta":{"_monsterinsights_skip_tracking":false,"_monsterinsights_sitenote_active":false,"_monsterinsights_sitenote_note":"","_monsterinsights_sitenote_category":0},"_links":{"self":[{"href":"https:\/\/akyalab.com\/fr\/wp-json\/wp\/v2\/pages\/1845"}],"collection":[{"href":"https:\/\/akyalab.com\/fr\/wp-json\/wp\/v2\/pages"}],"about":[{"href":"https:\/\/akyalab.com\/fr\/wp-json\/wp\/v2\/types\/page"}],"author":[{"embeddable":true,"href":"https:\/\/akyalab.com\/fr\/wp-json\/wp\/v2\/users\/3"}],"replies":[{"embeddable":true,"href":"https:\/\/akyalab.com\/fr\/wp-json\/wp\/v2\/comments?post=1845"}],"version-history":[{"count":0,"href":"https:\/\/akyalab.com\/fr\/wp-json\/wp\/v2\/pages\/1845\/revisions"}],"wp:attachment":[{"href":"https:\/\/akyalab.com\/fr\/wp-json\/wp\/v2\/media?parent=1845"}],"curies":[{"name":"wp","href":"https:\/\/api.w.org\/{rel}","templated":true}]}}